{"id":369,"date":"2022-03-18T19:21:23","date_gmt":"2022-03-18T19:21:23","guid":{"rendered":"https:\/\/lienzo.ufm.edu\/recorrido-virtual\/?page_id=369"},"modified":"2022-03-28T16:40:48","modified_gmt":"2022-03-28T22:40:48","slug":"restauracion-digital","status":"publish","type":"page","link":"https:\/\/lienzo.ufm.edu\/recorrido-virtual\/restauracion-digital\/","title":{"rendered":"Restauraci\u00f3n digital"},"content":{"rendered":"\n<h2>\n\t\tRestauraci\u00f3n digital\n\t<\/h2>\n\t\t\t<a href=\"https:\/\/lienzo.ufm.edu\/recorrido-virtual\/\" target=\"_self\" role=\"button\" rel=\"noopener\">\n\t\t\t\t\t\tRegresar\n\t\t\t\t\t<\/a>\n\t\t<img decoding=\"async\" src=\"https:\/\/lienzo.ufm.edu\/recorrido-virtual\/wp-content\/uploads\/2022\/03\/lienzo_viejo-scaled.jpg\"\/>\n\t\t<img decoding=\"async\" src=\"https:\/\/lienzo.ufm.edu\/recorrido-virtual\/wp-content\/uploads\/2022\/03\/lienzo_nuevo-scaled.jpg\"\/>\n\n","protected":false},"excerpt":{"rendered":"<p>Restauraci\u00f3n digital Regresar<\/p>\n","protected":false},"author":1,"featured_media":0,"parent":0,"menu_order":0,"comment_status":"closed","ping_status":"closed","template":"","meta":{"footnotes":""},"class_list":["post-369","page","type-page","status-publish","hentry"],"yoast_head":"<!-- This site is optimized with the Yoast SEO plugin v18.4.1 - https:\/\/yoast.com\/wordpress\/plugins\/seo\/ -->\n<title>Restauraci\u00f3n digital - Lienzo de Quauhquechollan<\/title>\n<meta name=\"robots\" content=\"index, follow, max-snippet:-1, max-image-preview:large, max-video-preview:-1\" \/>\n<link rel=\"canonical\" href=\"https:\/\/lienzo.ufm.edu\/recorrido-virtual\/restauracion-digital\/\" \/>\n<meta property=\"og:locale\" content=\"es_ES\" \/>\n<meta property=\"og:type\" content=\"article\" \/>\n<meta property=\"og:title\" content=\"Restauraci\u00f3n digital - Lienzo de Quauhquechollan\" \/>\n<meta property=\"og:description\" content=\"Restauraci\u00f3n digital Regresar\" \/>\n<meta property=\"og:url\" content=\"https:\/\/lienzo.ufm.edu\/recorrido-virtual\/restauracion-digital\/\" \/>\n<meta property=\"og:site_name\" content=\"Lienzo de Quauhquechollan\" \/>\n<meta property=\"article:modified_time\" content=\"2022-03-28T22:40:48+00:00\" \/>\n<meta property=\"og:image\" content=\"https:\/\/dev.ufm.edu\/pruebalienzo\/wp-content\/uploads\/2022\/03\/lienzo_viejo-scaled.jpg\" \/>\n<meta name=\"twitter:card\" content=\"summary_large_image\" \/>\n<script type=\"application\/ld+json\" class=\"yoast-schema-graph\">{\"@context\":\"https:\/\/schema.org\",\"@graph\":[{\"@type\":\"WebSite\",\"@id\":\"https:\/\/lienzo.ufm.edu\/recorrido-virtual\/#website\",\"url\":\"https:\/\/lienzo.ufm.edu\/recorrido-virtual\/\",\"name\":\"Lienzo de Quauhquechollan\",\"description\":\"Pintura n\u00e1huatl del siglo XVI, en la que los ind\u00edgenas quauhquecholtecas dejaron plasmada su visi\u00f3n de la conquista espa\u00f1ola.\",\"potentialAction\":[{\"@type\":\"SearchAction\",\"target\":{\"@type\":\"EntryPoint\",\"urlTemplate\":\"https:\/\/lienzo.ufm.edu\/recorrido-virtual\/?s={search_term_string}\"},\"query-input\":\"required name=search_term_string\"}],\"inLanguage\":\"es\"},{\"@type\":\"ImageObject\",\"@id\":\"https:\/\/lienzo.ufm.edu\/recorrido-virtual\/restauracion-digital\/#primaryimage\",\"inLanguage\":\"es\",\"url\":\"https:\/\/lienzo.ufm.edu\/recorrido-virtual\/wp-content\/uploads\/2022\/03\/lienzo_viejo-scaled.jpg\",\"contentUrl\":\"https:\/\/lienzo.ufm.edu\/recorrido-virtual\/wp-content\/uploads\/2022\/03\/lienzo_viejo-scaled.jpg\",\"width\":2560,\"height\":1969},{\"@type\":\"WebPage\",\"@id\":\"https:\/\/lienzo.ufm.edu\/recorrido-virtual\/restauracion-digital\/#webpage\",\"url\":\"https:\/\/lienzo.ufm.edu\/recorrido-virtual\/restauracion-digital\/\",\"name\":\"Restauraci\u00f3n digital - Lienzo de Quauhquechollan\",\"isPartOf\":{\"@id\":\"https:\/\/lienzo.ufm.edu\/recorrido-virtual\/#website\"},\"primaryImageOfPage\":{\"@id\":\"https:\/\/lienzo.ufm.edu\/recorrido-virtual\/restauracion-digital\/#primaryimage\"},\"datePublished\":\"2022-03-18T19:21:23+00:00\",\"dateModified\":\"2022-03-28T22:40:48+00:00\",\"breadcrumb\":{\"@id\":\"https:\/\/lienzo.ufm.edu\/recorrido-virtual\/restauracion-digital\/#breadcrumb\"},\"inLanguage\":\"es\",\"potentialAction\":[{\"@type\":\"ReadAction\",\"target\":[\"https:\/\/lienzo.ufm.edu\/recorrido-virtual\/restauracion-digital\/\"]}]},{\"@type\":\"BreadcrumbList\",\"@id\":\"https:\/\/lienzo.ufm.edu\/recorrido-virtual\/restauracion-digital\/#breadcrumb\",\"itemListElement\":[{\"@type\":\"ListItem\",\"position\":1,\"name\":\"Restauraci\u00f3n digital\"}]}]}<\/script>\n<!-- \/ Yoast SEO plugin. -->","yoast_head_json":{"title":"Restauraci\u00f3n digital - Lienzo de Quauhquechollan","robots":{"index":"index","follow":"follow","max-snippet":"max-snippet:-1","max-image-preview":"max-image-preview:large","max-video-preview":"max-video-preview:-1"},"canonical":"https:\/\/lienzo.ufm.edu\/recorrido-virtual\/restauracion-digital\/","og_locale":"es_ES","og_type":"article","og_title":"Restauraci\u00f3n digital - Lienzo de Quauhquechollan","og_description":"Restauraci\u00f3n digital Regresar","og_url":"https:\/\/lienzo.ufm.edu\/recorrido-virtual\/restauracion-digital\/","og_site_name":"Lienzo de Quauhquechollan","article_modified_time":"2022-03-28T22:40:48+00:00","og_image":[{"url":"https:\/\/dev.ufm.edu\/pruebalienzo\/wp-content\/uploads\/2022\/03\/lienzo_viejo-scaled.jpg"}],"twitter_card":"summary_large_image","schema":{"@context":"https:\/\/schema.org","@graph":[{"@type":"WebSite","@id":"https:\/\/lienzo.ufm.edu\/recorrido-virtual\/#website","url":"https:\/\/lienzo.ufm.edu\/recorrido-virtual\/","name":"Lienzo de Quauhquechollan","description":"Pintura n\u00e1huatl del siglo XVI, en la que los ind\u00edgenas quauhquecholtecas dejaron plasmada su visi\u00f3n de la conquista espa\u00f1ola.","potentialAction":[{"@type":"SearchAction","target":{"@type":"EntryPoint","urlTemplate":"https:\/\/lienzo.ufm.edu\/recorrido-virtual\/?s={search_term_string}"},"query-input":"required name=search_term_string"}],"inLanguage":"es"},{"@type":"ImageObject","@id":"https:\/\/lienzo.ufm.edu\/recorrido-virtual\/restauracion-digital\/#primaryimage","inLanguage":"es","url":"https:\/\/lienzo.ufm.edu\/recorrido-virtual\/wp-content\/uploads\/2022\/03\/lienzo_viejo-scaled.jpg","contentUrl":"https:\/\/lienzo.ufm.edu\/recorrido-virtual\/wp-content\/uploads\/2022\/03\/lienzo_viejo-scaled.jpg","width":2560,"height":1969},{"@type":"WebPage","@id":"https:\/\/lienzo.ufm.edu\/recorrido-virtual\/restauracion-digital\/#webpage","url":"https:\/\/lienzo.ufm.edu\/recorrido-virtual\/restauracion-digital\/","name":"Restauraci\u00f3n digital - Lienzo de Quauhquechollan","isPartOf":{"@id":"https:\/\/lienzo.ufm.edu\/recorrido-virtual\/#website"},"primaryImageOfPage":{"@id":"https:\/\/lienzo.ufm.edu\/recorrido-virtual\/restauracion-digital\/#primaryimage"},"datePublished":"2022-03-18T19:21:23+00:00","dateModified":"2022-03-28T22:40:48+00:00","breadcrumb":{"@id":"https:\/\/lienzo.ufm.edu\/recorrido-virtual\/restauracion-digital\/#breadcrumb"},"inLanguage":"es","potentialAction":[{"@type":"ReadAction","target":["https:\/\/lienzo.ufm.edu\/recorrido-virtual\/restauracion-digital\/"]}]},{"@type":"BreadcrumbList","@id":"https:\/\/lienzo.ufm.edu\/recorrido-virtual\/restauracion-digital\/#breadcrumb","itemListElement":[{"@type":"ListItem","position":1,"name":"Restauraci\u00f3n digital"}]}]}},"meta_box":[],"_links":{"self":[{"href":"https:\/\/lienzo.ufm.edu\/recorrido-virtual\/wp-json\/wp\/v2\/pages\/369","targetHints":{"allow":["GET"]}}],"collection":[{"href":"https:\/\/lienzo.ufm.edu\/recorrido-virtual\/wp-json\/wp\/v2\/pages"}],"about":[{"href":"https:\/\/lienzo.ufm.edu\/recorrido-virtual\/wp-json\/wp\/v2\/types\/page"}],"author":[{"embeddable":true,"href":"https:\/\/lienzo.ufm.edu\/recorrido-virtual\/wp-json\/wp\/v2\/users\/1"}],"replies":[{"embeddable":true,"href":"https:\/\/lienzo.ufm.edu\/recorrido-virtual\/wp-json\/wp\/v2\/comments?post=369"}],"version-history":[{"count":18,"href":"https:\/\/lienzo.ufm.edu\/recorrido-virtual\/wp-json\/wp\/v2\/pages\/369\/revisions"}],"predecessor-version":[{"id":485,"href":"https:\/\/lienzo.ufm.edu\/recorrido-virtual\/wp-json\/wp\/v2\/pages\/369\/revisions\/485"}],"wp:attachment":[{"href":"https:\/\/lienzo.ufm.edu\/recorrido-virtual\/wp-json\/wp\/v2\/media?parent=369"}],"curies":[{"name":"wp","href":"https:\/\/api.w.org\/{rel}","templated":true}]}}